{"id":1235,"date":"2024-09-11T20:08:46","date_gmt":"2024-09-11T18:08:46","guid":{"rendered":"https:\/\/www.rms-grafrath.de\/?page_id=1235"},"modified":"2024-09-11T20:08:48","modified_gmt":"2024-09-11T18:08:48","slug":"kurzyk-christoph","status":"publish","type":"page","link":"https:\/\/www.rms-grafrath.de\/?page_id=1235","title":{"rendered":"Kurzyk, Christoph"},"content":{"rendered":"<p><span style=\"font-size: 20px;\">Trompete, Fl\u00fcgelhorn, Tenorhorn, Bariton<\/span><img loading=\"lazy\" decoding=\"async\" class=\"alignright size-medium wp-image-1237\" src=\"https:\/\/www.rms-grafrath.de\/wp-content\/uploads\/2024\/09\/Kurzyk-200x300.jpg\" alt=\"\" width=\"200\" height=\"300\" srcset=\"https:\/\/www.rms-grafrath.de\/wp-content\/uploads\/2024\/09\/Kurzyk-200x300.jpg 200w, https:\/\/www.rms-grafrath.de\/wp-content\/uploads\/2024\/09\/Kurzyk-683x1024.jpg 683w, https:\/\/www.rms-grafrath.de\/wp-content\/uploads\/2024\/09\/Kurzyk-768x1152.jpg 768w, https:\/\/www.rms-grafrath.de\/wp-content\/uploads\/2024\/09\/Kurzyk-1024x1536.jpg 1024w, https:\/\/www.rms-grafrath.de\/wp-content\/uploads\/2024\/09\/Kurzyk-1365x2048.jpg 1365w, https:\/\/www.rms-grafrath.de\/wp-content\/uploads\/2024\/09\/Kurzyk-920x1380.jpg 920w, https:\/\/www.rms-grafrath.de\/wp-content\/uploads\/2024\/09\/Kurzyk-230x345.jpg 230w, https:\/\/www.rms-grafrath.de\/wp-content\/uploads\/2024\/09\/Kurzyk-350x525.jpg 350w, https:\/\/www.rms-grafrath.de\/wp-content\/uploads\/2024\/09\/Kurzyk-480x720.jpg 480w, https:\/\/www.rms-grafrath.de\/wp-content\/uploads\/2024\/09\/Kurzyk.jpg 1653w\" sizes=\"auto, (max-width: 200px) 100vw, 200px\" \/><\/p>\n<p>Ab dem neuen Schuljahr 2024 \/ 2025 leitet er unsere Trompetenklasse.<\/p>\n<p>Er erhielt seinen ersten Trompetenunterricht von Herrn Wolfgang<br \/>\nBrachinger (ehem. 1.Solotrompeter Philh. Orchester Regensburg).<\/p>\n<p>Nach dem Gymnasium studierte Herr Kurzyk an der Hochschule f\u00fcr Musik in M\u00fcnchen bei Prof. Paul Lachenmair (ehem.1.Solotrompeter der Bayerischen Staatsoper) und schloss sein Studium als Diplom-Musiker,<br \/>\nstaatlich gepr\u00fcfter Musiklehrer sowie Diplom-Musiklehrer ab.<\/p>\n<p>Nach seinem Studium war er in verschiedenen Orchestern, u.a. als 1. Solotrompeter der Churs\u00e4chsischen Philharmonie t\u00e4tig.<\/p>\n<p>Seit 1996 unterrichtet Christoph Kurzyk an der Musikschule Feldkirchen-Westerham welche er von 1997 bis 2007 leitete.<\/p>\n<p>Herr Kurzyk verf\u00fcgt im Umgang mit Kindern und Jugendlichen \u00fcber einen \u00e4u\u00dferst gro\u00dfen Erfahrungsschatz.&nbsp;<\/p>\n<p>Sein prim\u00e4res Ziel ist es, seine Sch\u00fclerinnen und Sch\u00fcler f\u00fcr die Musik, wie auch f\u00fcr das gemeinsame Musizieren zu begeistern.&#8220;<\/p>\n","protected":false},"excerpt":{"rendered":"<p>Trompete, Fl\u00fcgelhorn, Tenorhorn, Bariton Ab dem neuen Schuljahr 2024 \/ 2025 leitet er unsere Trompetenklasse. Er erhielt seinen ersten Trompetenunterricht von Herrn [&hellip;]<\/p>\n","protected":false},"author":1,"featured_media":0,"parent":23,"menu_order":0,"comment_status":"closed","ping_status":"closed","template":"","meta":{"ngg_post_thumbnail":0,"footnotes":""},"class_list":["post-1235","page","type-page","status-publish","hentry"],"_links":{"self":[{"href":"https:\/\/www.rms-grafrath.de\/index.php?rest_route=\/wp\/v2\/pages\/1235","targetHints":{"allow":["GET"]}}],"collection":[{"href":"https:\/\/www.rms-grafrath.de\/index.php?rest_route=\/wp\/v2\/pages"}],"about":[{"href":"https:\/\/www.rms-grafrath.de\/index.php?rest_route=\/wp\/v2\/types\/page"}],"author":[{"embeddable":true,"href":"https:\/\/www.rms-grafrath.de\/index.php?rest_route=\/wp\/v2\/users\/1"}],"replies":[{"embeddable":true,"href":"https:\/\/www.rms-grafrath.de\/index.php?rest_route=%2Fwp%2Fv2%2Fcomments&post=1235"}],"version-history":[{"count":2,"href":"https:\/\/www.rms-grafrath.de\/index.php?rest_route=\/wp\/v2\/pages\/1235\/revisions"}],"predecessor-version":[{"id":1240,"href":"https:\/\/www.rms-grafrath.de\/index.php?rest_route=\/wp\/v2\/pages\/1235\/revisions\/1240"}],"up":[{"embeddable":true,"href":"https:\/\/www.rms-grafrath.de\/index.php?rest_route=\/wp\/v2\/pages\/23"}],"wp:attachment":[{"href":"https:\/\/www.rms-grafrath.de\/index.php?rest_route=%2Fwp%2Fv2%2Fmedia&parent=1235"}],"curies":[{"name":"wp","href":"https:\/\/api.w.org\/{rel}","templated":true}]}}