{"id":138,"date":"2013-05-02T15:04:09","date_gmt":"2013-05-02T13:04:09","guid":{"rendered":"http:\/\/www.rms-grafrath.de\/?page_id=138"},"modified":"2019-04-20T09:14:54","modified_gmt":"2019-04-20T07:14:54","slug":"diendorf-stefan","status":"publish","type":"page","link":"https:\/\/www.rms-grafrath.de\/?page_id=138","title":{"rendered":"Diendorf, Stefan"},"content":{"rendered":"<p><span style=\"font-size: 20px;\">Musikschulleiter<a href=\"http:\/\/www.rms-grafrath.de\/wp-content\/uploads\/2015\/03\/HerrDiendorf.jpg\"><img loading=\"lazy\" decoding=\"async\" class=\" size-medium wp-image-446 alignright\" src=\"http:\/\/www.rms-grafrath.de\/wp-content\/uploads\/2015\/03\/HerrDiendorf-200x300.jpg\" alt=\"HerrDiendorf\" width=\"200\" height=\"300\" srcset=\"https:\/\/www.rms-grafrath.de\/wp-content\/uploads\/2015\/03\/HerrDiendorf-200x300.jpg 200w, https:\/\/www.rms-grafrath.de\/wp-content\/uploads\/2015\/03\/HerrDiendorf.jpg 533w\" sizes=\"auto, (max-width: 200px) 100vw, 200px\" \/><\/a><\/span><\/p>\n<p><span style=\"font-size: 20px;\">Konzertgitarre, Westerngitarre, E-Gitarre<\/span><\/p>\n<p>Studium an der Fachakademie f\u00fcr Musik, Meistersingerkonservatorium der Stadt N\u00fcrnberg.<br \/>\nAbschl\u00fcsse: staatlich gepr\u00fcfter Musiklehrer, staatliche Musikreifepr\u00fcfung.<br \/>\n(Zahlreiche Fortbildungen, Konzertt\u00e4tigkeiten)<\/p>\n<p>Tel: 0176 96228772<\/p>\n<p>mail: s.diendorf@gmail.com<\/p>\n","protected":false},"excerpt":{"rendered":"<p>Musikschulleiter Konzertgitarre, Westerngitarre, E-Gitarre Studium an der Fachakademie f\u00fcr Musik, Meistersingerkonservatorium der Stadt N\u00fcrnberg. Abschl\u00fcsse: staatlich gepr\u00fcfter Musiklehrer, staatliche Musikreifepr\u00fcfung. (Zahlreiche Fortbildungen, [&hellip;]<\/p>\n","protected":false},"author":1,"featured_media":0,"parent":23,"menu_order":0,"comment_status":"closed","ping_status":"closed","template":"","meta":{"ngg_post_thumbnail":0,"footnotes":""},"class_list":["post-138","page","type-page","status-publish","hentry"],"_links":{"self":[{"href":"https:\/\/www.rms-grafrath.de\/index.php?rest_route=\/wp\/v2\/pages\/138","targetHints":{"allow":["GET"]}}],"collection":[{"href":"https:\/\/www.rms-grafrath.de\/index.php?rest_route=\/wp\/v2\/pages"}],"about":[{"href":"https:\/\/www.rms-grafrath.de\/index.php?rest_route=\/wp\/v2\/types\/page"}],"author":[{"embeddable":true,"href":"https:\/\/www.rms-grafrath.de\/index.php?rest_route=\/wp\/v2\/users\/1"}],"replies":[{"embeddable":true,"href":"https:\/\/www.rms-grafrath.de\/index.php?rest_route=%2Fwp%2Fv2%2Fcomments&post=138"}],"version-history":[{"count":19,"href":"https:\/\/www.rms-grafrath.de\/index.php?rest_route=\/wp\/v2\/pages\/138\/revisions"}],"predecessor-version":[{"id":914,"href":"https:\/\/www.rms-grafrath.de\/index.php?rest_route=\/wp\/v2\/pages\/138\/revisions\/914"}],"up":[{"embeddable":true,"href":"https:\/\/www.rms-grafrath.de\/index.php?rest_route=\/wp\/v2\/pages\/23"}],"wp:attachment":[{"href":"https:\/\/www.rms-grafrath.de\/index.php?rest_route=%2Fwp%2Fv2%2Fmedia&parent=138"}],"curies":[{"name":"wp","href":"https:\/\/api.w.org\/{rel}","templated":true}]}}