{"id":142,"date":"2013-05-02T15:11:28","date_gmt":"2013-05-02T13:11:28","guid":{"rendered":"http:\/\/www.rms-grafrath.de\/?page_id=142"},"modified":"2019-08-09T08:57:27","modified_gmt":"2019-08-09T06:57:27","slug":"mueck-regina","status":"publish","type":"page","link":"https:\/\/www.rms-grafrath.de\/?page_id=142","title":{"rendered":"M\u00fcck, Regina"},"content":{"rendered":"<p><span style=\"font-size: 20px;\">Keyboard, Klavier, Akkordeon, Bandoneon<\/span><span style=\"font-size: 20px;\"> und steirische Harmonika<a href=\"http:\/\/www.rms-grafrath.de\/wp-content\/uploads\/2015\/03\/FrauM\u00fcck.jpg\"><img loading=\"lazy\" decoding=\"async\" class=\"alignright size-medium wp-image-440\" src=\"http:\/\/www.rms-grafrath.de\/wp-content\/uploads\/2015\/03\/FrauM\u00fcck-200x300.jpg\" alt=\"FrauM\u00fcck\" width=\"200\" height=\"300\" srcset=\"https:\/\/www.rms-grafrath.de\/wp-content\/uploads\/2015\/03\/FrauM\u00fcck-200x300.jpg 200w, https:\/\/www.rms-grafrath.de\/wp-content\/uploads\/2015\/03\/FrauM\u00fcck.jpg 533w\" sizes=\"auto, (max-width: 200px) 100vw, 200px\" \/><\/a><\/span><\/p>\n<div>\n<p>Sie studierte Akkordeon am Hohner-Konservatorium in Trossingen, sowie Tontechnik an der MSG M\u00fcnchen.<br \/>\nVielf\u00e4ltige B\u00fchnenerfahrungen in verschiedenen Genres der Musik seit ihrer fr\u00fchesten Kindheit.<br \/>\nDurch st\u00e4ndige Weiterbildungen passt sie sich den fortw\u00e4hrend ver\u00e4ndernden Anforderungen im Keyboardunterricht an. Mit dem Akkordeon spannt sie einen musikalischen Bogen von der Klassik \u00fcber die Volksmusik verschiedener Kulturen bis hin zum argentinischen Tango.<\/p>\n<p>mail: regina.mueck@t-online.de<\/p>\n<\/div>\n","protected":false},"excerpt":{"rendered":"<p>Keyboard, Klavier, Akkordeon, Bandoneon und steirische Harmonika Sie studierte Akkordeon am Hohner-Konservatorium in Trossingen, sowie Tontechnik an der MSG M\u00fcnchen. Vielf\u00e4ltige B\u00fchnenerfahrungen [&hellip;]<\/p>\n","protected":false},"author":1,"featured_media":0,"parent":23,"menu_order":0,"comment_status":"closed","ping_status":"closed","template":"","meta":{"ngg_post_thumbnail":0,"footnotes":""},"class_list":["post-142","page","type-page","status-publish","hentry"],"_links":{"self":[{"href":"https:\/\/www.rms-grafrath.de\/index.php?rest_route=\/wp\/v2\/pages\/142","targetHints":{"allow":["GET"]}}],"collection":[{"href":"https:\/\/www.rms-grafrath.de\/index.php?rest_route=\/wp\/v2\/pages"}],"about":[{"href":"https:\/\/www.rms-grafrath.de\/index.php?rest_route=\/wp\/v2\/types\/page"}],"author":[{"embeddable":true,"href":"https:\/\/www.rms-grafrath.de\/index.php?rest_route=\/wp\/v2\/users\/1"}],"replies":[{"embeddable":true,"href":"https:\/\/www.rms-grafrath.de\/index.php?rest_route=%2Fwp%2Fv2%2Fcomments&post=142"}],"version-history":[{"count":12,"href":"https:\/\/www.rms-grafrath.de\/index.php?rest_route=\/wp\/v2\/pages\/142\/revisions"}],"predecessor-version":[{"id":921,"href":"https:\/\/www.rms-grafrath.de\/index.php?rest_route=\/wp\/v2\/pages\/142\/revisions\/921"}],"up":[{"embeddable":true,"href":"https:\/\/www.rms-grafrath.de\/index.php?rest_route=\/wp\/v2\/pages\/23"}],"wp:attachment":[{"href":"https:\/\/www.rms-grafrath.de\/index.php?rest_route=%2Fwp%2Fv2%2Fmedia&parent=142"}],"curies":[{"name":"wp","href":"https:\/\/api.w.org\/{rel}","templated":true}]}}