{"id":163,"date":"2013-05-02T16:03:46","date_gmt":"2013-05-02T14:03:46","guid":{"rendered":"http:\/\/www.rms-grafrath.de\/?page_id=163"},"modified":"2019-08-09T08:57:02","modified_gmt":"2019-08-09T06:57:02","slug":"bernklau-werner","status":"publish","type":"page","link":"https:\/\/www.rms-grafrath.de\/?page_id=163","title":{"rendered":"Bernklau, Werner"},"content":{"rendered":"<p><span style=\"font-size: 20px;\">Klarinette, Saxophon<a href=\"http:\/\/www.rms-grafrath.de\/wp-content\/uploads\/2015\/03\/HerrBernklau.jpg\"><img loading=\"lazy\" decoding=\"async\" class=\"alignright size-medium wp-image-444\" src=\"http:\/\/www.rms-grafrath.de\/wp-content\/uploads\/2015\/03\/HerrBernklau-200x300.jpg\" alt=\"HerrBernklau\" width=\"200\" height=\"300\" srcset=\"https:\/\/www.rms-grafrath.de\/wp-content\/uploads\/2015\/03\/HerrBernklau-200x300.jpg 200w, https:\/\/www.rms-grafrath.de\/wp-content\/uploads\/2015\/03\/HerrBernklau.jpg 533w\" sizes=\"auto, (max-width: 200px) 100vw, 200px\" \/><\/a><\/span><\/p>\n<div>\n<p>Er arbeitet seit seinem Studium an der Hochschule f\u00fcr Musik in M\u00fcnchen als freischaffender Musiker.<br \/>\nAuf dem Gebiet der klassischen Musik (u.a. Bayerische Staatsoper, M\u00fcnchner Philharmoniker), aber auch der Bereich der Unterhaltungsmusik (u.a. Veterinary Street Jazz Band, Tanzorchester Hugo Strasser) geh\u00f6rt zu seinem Arbeitsfeld. Au\u00dferdem ist er Lehrer f\u00fcr Musiktheorie und Improvisation.<\/p>\n<\/div>\n<p>Tel: 08105 5595<\/p>\n<p>mail: werner.bernklau@gmail.com<\/p>\n","protected":false},"excerpt":{"rendered":"<p>Klarinette, Saxophon Er arbeitet seit seinem Studium an der Hochschule f\u00fcr Musik in M\u00fcnchen als freischaffender Musiker. Auf dem Gebiet der klassischen [&hellip;]<\/p>\n","protected":false},"author":1,"featured_media":0,"parent":23,"menu_order":0,"comment_status":"closed","ping_status":"closed","template":"","meta":{"ngg_post_thumbnail":0,"footnotes":""},"class_list":["post-163","page","type-page","status-publish","hentry"],"_links":{"self":[{"href":"https:\/\/www.rms-grafrath.de\/index.php?rest_route=\/wp\/v2\/pages\/163","targetHints":{"allow":["GET"]}}],"collection":[{"href":"https:\/\/www.rms-grafrath.de\/index.php?rest_route=\/wp\/v2\/pages"}],"about":[{"href":"https:\/\/www.rms-grafrath.de\/index.php?rest_route=\/wp\/v2\/types\/page"}],"author":[{"embeddable":true,"href":"https:\/\/www.rms-grafrath.de\/index.php?rest_route=\/wp\/v2\/users\/1"}],"replies":[{"embeddable":true,"href":"https:\/\/www.rms-grafrath.de\/index.php?rest_route=%2Fwp%2Fv2%2Fcomments&post=163"}],"version-history":[{"count":6,"href":"https:\/\/www.rms-grafrath.de\/index.php?rest_route=\/wp\/v2\/pages\/163\/revisions"}],"predecessor-version":[{"id":1239,"href":"https:\/\/www.rms-grafrath.de\/index.php?rest_route=\/wp\/v2\/pages\/163\/revisions\/1239"}],"up":[{"embeddable":true,"href":"https:\/\/www.rms-grafrath.de\/index.php?rest_route=\/wp\/v2\/pages\/23"}],"wp:attachment":[{"href":"https:\/\/www.rms-grafrath.de\/index.php?rest_route=%2Fwp%2Fv2%2Fmedia&parent=163"}],"curies":[{"name":"wp","href":"https:\/\/api.w.org\/{rel}","templated":true}]}}