{"id":179,"date":"2013-05-02T16:47:29","date_gmt":"2013-05-02T14:47:29","guid":{"rendered":"http:\/\/www.rms-grafrath.de\/?page_id=179"},"modified":"2020-09-21T20:36:32","modified_gmt":"2020-09-21T18:36:32","slug":"zettler-regine","status":"publish","type":"page","link":"https:\/\/www.rms-grafrath.de\/?page_id=179","title":{"rendered":"Zettler, Regine"},"content":{"rendered":"<p><span style=\"font-size: 20px;\">Klavier, Gesang-Stimmbildung, Djembegruppen<img loading=\"lazy\" decoding=\"async\" class=\"alignright wp-image-1042 size-medium\" src=\"https:\/\/www.rms-grafrath.de\/wp-content\/uploads\/2020\/08\/zettlerneu-200x300.jpg\" alt=\"\" width=\"200\" height=\"300\" srcset=\"https:\/\/www.rms-grafrath.de\/wp-content\/uploads\/2020\/08\/zettlerneu-200x300.jpg 200w, https:\/\/www.rms-grafrath.de\/wp-content\/uploads\/2020\/08\/zettlerneu-684x1024.jpg 684w, https:\/\/www.rms-grafrath.de\/wp-content\/uploads\/2020\/08\/zettlerneu-1367x2048.jpg 1367w, https:\/\/www.rms-grafrath.de\/wp-content\/uploads\/2020\/08\/zettlerneu-230x345.jpg 230w, https:\/\/www.rms-grafrath.de\/wp-content\/uploads\/2020\/08\/zettlerneu-350x524.jpg 350w, https:\/\/www.rms-grafrath.de\/wp-content\/uploads\/2020\/08\/zettlerneu-480x719.jpg 480w, https:\/\/www.rms-grafrath.de\/wp-content\/uploads\/2020\/08\/zettlerneu-scaled.jpg 1709w\" sizes=\"auto, (max-width: 200px) 100vw, 200px\" \/><\/span><\/p>\n<div>\n<p>Gesang- und Musikp\u00e4dagogikstudium GHS Paderborn\/MHS Detmold, internationale Meisterkurse und zahlreiche Fortbildungen, Ausbildung<br \/>\nin afrikanischer Rhythmik\/Djembe M\u00fcnchen.<\/p>\n<p>Seit Abschluss Ihres Studiums arbeitet sie als Konzerts\u00e4ngerin und freischaffende Musikerin mit langj\u00e4hriger Lehrt\u00e4tigkeit und Unterrichtserfahrung (Kinder, Jugendliche und Erwachsene) an verschiedenen Musikschulen, VHS und privat.<\/p>\n<\/div>\n<p>Mail: music@creativejoy.net<br \/>\nTelefon: 089 \/ 21529632<br \/>\nWeb: <a href=\"https:\/\/gesang-klavierunterricht-muenchen.de\">https:\/\/gesang-klavierunterricht-muenchen.de<\/a><\/p>\n","protected":false},"excerpt":{"rendered":"<p>Klavier, Gesang-Stimmbildung, Djembegruppen Gesang- und Musikp\u00e4dagogikstudium GHS Paderborn\/MHS Detmold, internationale Meisterkurse und zahlreiche Fortbildungen, Ausbildung in afrikanischer Rhythmik\/Djembe M\u00fcnchen. Seit Abschluss Ihres [&hellip;]<\/p>\n","protected":false},"author":1,"featured_media":0,"parent":23,"menu_order":0,"comment_status":"closed","ping_status":"closed","template":"","meta":{"ngg_post_thumbnail":0,"footnotes":""},"class_list":["post-179","page","type-page","status-publish","hentry"],"_links":{"self":[{"href":"https:\/\/www.rms-grafrath.de\/index.php?rest_route=\/wp\/v2\/pages\/179","targetHints":{"allow":["GET"]}}],"collection":[{"href":"https:\/\/www.rms-grafrath.de\/index.php?rest_route=\/wp\/v2\/pages"}],"about":[{"href":"https:\/\/www.rms-grafrath.de\/index.php?rest_route=\/wp\/v2\/types\/page"}],"author":[{"embeddable":true,"href":"https:\/\/www.rms-grafrath.de\/index.php?rest_route=\/wp\/v2\/users\/1"}],"replies":[{"embeddable":true,"href":"https:\/\/www.rms-grafrath.de\/index.php?rest_route=%2Fwp%2Fv2%2Fcomments&post=179"}],"version-history":[{"count":13,"href":"https:\/\/www.rms-grafrath.de\/index.php?rest_route=\/wp\/v2\/pages\/179\/revisions"}],"predecessor-version":[{"id":1058,"href":"https:\/\/www.rms-grafrath.de\/index.php?rest_route=\/wp\/v2\/pages\/179\/revisions\/1058"}],"up":[{"embeddable":true,"href":"https:\/\/www.rms-grafrath.de\/index.php?rest_route=\/wp\/v2\/pages\/23"}],"wp:attachment":[{"href":"https:\/\/www.rms-grafrath.de\/index.php?rest_route=%2Fwp%2Fv2%2Fmedia&parent=179"}],"curies":[{"name":"wp","href":"https:\/\/api.w.org\/{rel}","templated":true}]}}