{"id":51,"date":"2013-04-30T16:01:33","date_gmt":"2013-04-30T14:01:33","guid":{"rendered":"http:\/\/www.rms-grafrath.de\/?page_id=51"},"modified":"2013-11-18T22:38:14","modified_gmt":"2013-11-18T20:38:14","slug":"impressum","status":"publish","type":"page","link":"https:\/\/www.rms-grafrath.de\/?page_id=51","title":{"rendered":"Impressum"},"content":{"rendered":"<p><strong>Rasso-Musikschule Grafrath e.V.<\/strong><br \/>\nHauptstra\u00dfe 52<br \/>\n82284 Grafrath<br \/>\nTelefon: 08144 7621<br \/>\nTelefax: 08144 997864<br \/>\n<strong>Die Rasso-Musikschule Grafrath e.V. ist ein eingetragener gemeinn\u00fctziger Verein.<\/strong><\/p>\n<p>Inhaltlich Verantwortlicher gem\u00e4\u00df \u00a7 6 MDStV: 1. Vorsitzender Franz Oellinger<\/p>\n<p>Haftungshinweis:<br \/>\nTrotz sorgf\u00e4ltiger inhaltlicher Kontrolle \u00fcbernehmen wir keine Haftung f\u00fcr die Inhalte externer Links.<br \/>\nF\u00fcr den \/ die Inhalte der verlinkten Seiten sind ausschlie\u00dflich deren Betreiber verantwortlich.<\/p>\n","protected":false},"excerpt":{"rendered":"<p>Rasso-Musikschule Grafrath e.V. Hauptstra\u00dfe 52 82284 Grafrath Telefon: 08144 7621 Telefax: 08144 997864 Die Rasso-Musikschule Grafrath e.V. ist ein eingetragener gemeinn\u00fctziger Verein. [&hellip;]<\/p>\n","protected":false},"author":1,"featured_media":0,"parent":0,"menu_order":0,"comment_status":"closed","ping_status":"closed","template":"","meta":{"ngg_post_thumbnail":0,"footnotes":""},"class_list":["post-51","page","type-page","status-publish","hentry"],"_links":{"self":[{"href":"https:\/\/www.rms-grafrath.de\/index.php?rest_route=\/wp\/v2\/pages\/51","targetHints":{"allow":["GET"]}}],"collection":[{"href":"https:\/\/www.rms-grafrath.de\/index.php?rest_route=\/wp\/v2\/pages"}],"about":[{"href":"https:\/\/www.rms-grafrath.de\/index.php?rest_route=\/wp\/v2\/types\/page"}],"author":[{"embeddable":true,"href":"https:\/\/www.rms-grafrath.de\/index.php?rest_route=\/wp\/v2\/users\/1"}],"replies":[{"embeddable":true,"href":"https:\/\/www.rms-grafrath.de\/index.php?rest_route=%2Fwp%2Fv2%2Fcomments&post=51"}],"version-history":[{"count":5,"href":"https:\/\/www.rms-grafrath.de\/index.php?rest_route=\/wp\/v2\/pages\/51\/revisions"}],"predecessor-version":[{"id":333,"href":"https:\/\/www.rms-grafrath.de\/index.php?rest_route=\/wp\/v2\/pages\/51\/revisions\/333"}],"wp:attachment":[{"href":"https:\/\/www.rms-grafrath.de\/index.php?rest_route=%2Fwp%2Fv2%2Fmedia&parent=51"}],"curies":[{"name":"wp","href":"https:\/\/api.w.org\/{rel}","templated":true}]}}