{"id":701,"date":"2018-01-30T13:55:59","date_gmt":"2018-01-30T11:55:59","guid":{"rendered":"https:\/\/www.rms-grafrath.de\/?page_id=701"},"modified":"2019-08-09T08:57:51","modified_gmt":"2019-08-09T06:57:51","slug":"steinmann-heila","status":"publish","type":"page","link":"https:\/\/www.rms-grafrath.de\/?page_id=701","title":{"rendered":"Steinmann, Heila"},"content":{"rendered":"<p><span style=\"font-size: 20px;\">Fl\u00f6tenspielkreis und Fl\u00f6te<img loading=\"lazy\" decoding=\"async\" class=\"alignright wp-image-695 size-medium\" src=\"https:\/\/www.rms-grafrath.de\/wp-content\/uploads\/2018\/01\/steinmann-heila-300x199.jpg\" alt=\"\" width=\"300\" height=\"199\" srcset=\"https:\/\/www.rms-grafrath.de\/wp-content\/uploads\/2018\/01\/steinmann-heila-300x199.jpg 300w, https:\/\/www.rms-grafrath.de\/wp-content\/uploads\/2018\/01\/steinmann-heila-768x510.jpg 768w, https:\/\/www.rms-grafrath.de\/wp-content\/uploads\/2018\/01\/steinmann-heila-1024x680.jpg 1024w\" sizes=\"auto, (max-width: 300px) 100vw, 300px\" \/><\/span><\/p>\n<div>\n<p>&#8222;Alles rund um die Fl\u00f6te \u2013 hier seid ihr bei mir genau richtig!&#8220;<\/p>\n<p>Tel: 08144 7004<\/p>\n<p>mail: heila@steinmann-consult.de<\/p>\n<\/div>\n","protected":false},"excerpt":{"rendered":"<p>Fl\u00f6tenspielkreis und Fl\u00f6te &#8222;Alles rund um die Fl\u00f6te \u2013 hier seid ihr bei mir genau richtig!&#8220; Tel: 08144 7004 mail: heila@steinmann-consult.de<\/p>\n","protected":false},"author":1,"featured_media":0,"parent":23,"menu_order":0,"comment_status":"closed","ping_status":"closed","template":"","meta":{"ngg_post_thumbnail":0,"footnotes":""},"class_list":["post-701","page","type-page","status-publish","hentry"],"_links":{"self":[{"href":"https:\/\/www.rms-grafrath.de\/index.php?rest_route=\/wp\/v2\/pages\/701","targetHints":{"allow":["GET"]}}],"collection":[{"href":"https:\/\/www.rms-grafrath.de\/index.php?rest_route=\/wp\/v2\/pages"}],"about":[{"href":"https:\/\/www.rms-grafrath.de\/index.php?rest_route=\/wp\/v2\/types\/page"}],"author":[{"embeddable":true,"href":"https:\/\/www.rms-grafrath.de\/index.php?rest_route=\/wp\/v2\/users\/1"}],"replies":[{"embeddable":true,"href":"https:\/\/www.rms-grafrath.de\/index.php?rest_route=%2Fwp%2Fv2%2Fcomments&post=701"}],"version-history":[{"count":4,"href":"https:\/\/www.rms-grafrath.de\/index.php?rest_route=\/wp\/v2\/pages\/701\/revisions"}],"predecessor-version":[{"id":1082,"href":"https:\/\/www.rms-grafrath.de\/index.php?rest_route=\/wp\/v2\/pages\/701\/revisions\/1082"}],"up":[{"embeddable":true,"href":"https:\/\/www.rms-grafrath.de\/index.php?rest_route=\/wp\/v2\/pages\/23"}],"wp:attachment":[{"href":"https:\/\/www.rms-grafrath.de\/index.php?rest_route=%2Fwp%2Fv2%2Fmedia&parent=701"}],"curies":[{"name":"wp","href":"https:\/\/api.w.org\/{rel}","templated":true}]}}