{"id":840,"date":"2018-05-30T09:29:51","date_gmt":"2018-05-30T07:29:51","guid":{"rendered":"https:\/\/www.rms-grafrath.de\/?page_id=840"},"modified":"2019-05-25T15:36:19","modified_gmt":"2019-05-25T13:36:19","slug":"datenschutz","status":"publish","type":"page","link":"https:\/\/www.rms-grafrath.de\/?page_id=840","title":{"rendered":"Datenschutzerkl\u00e4rung"},"content":{"rendered":"<p>Die Betreiber dieser Seiten nehmen<br \/>\nden Schutz Ihrer pers\u00f6nlichen Daten sehr ernst. Wir behandeln Ihre personenbezogenen Daten<br \/>\nvertraulich und entsprechend der gesetzlichen Datenschutzvorschriften sowie dieser<br \/>\nDatenschutzerkl\u00e4rung.<\/p>\n<p>Die Nutzung unserer Website ist in der Regel ohne Angabe<br \/>\npersonenbezogener Daten m\u00f6glich. Soweit auf unseren Seiten personenbezogene Daten<br \/>\n(beispielsweise Name, Anschrift oder E-Mail-Adressen) erhoben werden, erfolgt dies, soweit<br \/>\nm\u00f6glich, stets auf freiwilliger Basis. Diese Daten werden ohne Ihre ausdr\u00fcckliche Zustimmung<br \/>\nnicht an Dritte weitergegeben.<\/p>\n<p>Wir weisen darauf hin, dass die Daten\u00fcbertragung im Internet<br \/>\n(z.B. bei der Kommunikation per E-Mail) Sicherheitsl\u00fccken aufweisen kann. Ein l\u00fcckenloser<br \/>\nSchutz der Daten vor dem Zugriff durch Dritte ist nicht m\u00f6glich.<\/p>\n<p>&nbsp;<\/p>\n<h2>Cookies<\/h2>\n<p>Die Internetseiten verwenden teilweise so genannte Cookies. Cookies richten auf<br \/>\nIhrem Rechner keinen Schaden an und enthalten keine Viren. Cookies dienen dazu, unser Angebot<br \/>\nnutzerfreundlicher, effektiver und sicherer zu machen. Cookies sind kleine Textdateien, die auf Ihrem<br \/>\nRechner abgelegt werden und die Ihr Browser speichert.<\/p>\n<p>Die meisten der von uns verwendeten<br \/>\nCookies sind so genannte \u201eSession-Cookies\u201c. Sie werden nach Ende Ihres Besuchs automatisch<br \/>\ngel\u00f6scht. Andere Cookies bleiben auf Ihrem Endger\u00e4t gespeichert, bis Sie diese l\u00f6schen.<br \/>\nDiese Cookies erm\u00f6glichen es uns, Ihren Browser beim n\u00e4chsten Besuch<br \/>\nwiederzuerkennen.<\/p>\n<p>Sie k\u00f6nnen Ihren Browser so einstellen, dass Sie \u00fcber das Setzen<br \/>\nvon Cookies informiert werden und Cookies nur im Einzelfall erlauben, die Annahme von Cookies f\u00fcr<br \/>\nbestimmte F\u00e4lle oder generell ausschlie\u00dfen sowie das automatische L\u00f6schen der<br \/>\nCookies beim Schlie\u00dfen des Browser aktivieren. Bei der Deaktivierung von Cookies kann die<br \/>\nFunktionalit\u00e4t dieser Website eingeschr\u00e4nkt sein.<\/p>\n<p>&nbsp;<\/p>\n<p>&nbsp;<\/p>\n<h2>Kontaktformular<\/h2>\n<p>Wenn Sie uns per Kontaktformular Anfragen<br \/>\nzukommen lassen, werden Ihre Angaben aus dem Anfrageformular inklusive der von Ihnen dort<br \/>\nangegebenen Kontaktdaten zwecks Bearbeitung der Anfrage und f\u00fcr den Fall von Anschlussfragen<br \/>\nbei uns gespeichert. Diese Daten geben wir nicht ohne Ihre Einwilligung weiter.<\/p>\n<p>&nbsp;<\/p>\n<h2>Newsletterdaten<\/h2>\n<p>Wenn Sie den auf der Website angebotenen Newsletter beziehen<br \/>\nm\u00f6chten, ben\u00f6tigen wir von Ihnen eine E-Mail-Adresse sowie Informationen, welche uns die<br \/>\n\u00dcberpr\u00fcfung gestatten, dass Sie der Inhaber der angegebenen E-Mail-Adresse sind und mit<br \/>\ndem Empfang des Newsletters einverstanden sind. Weitere Daten werden nicht erhoben. Diese Daten<br \/>\nverwenden wir ausschlie\u00dflich f\u00fcr den Versand der angeforderten Informationen und geben sie<br \/>\nnicht an Dritte weiter.<\/p>\n<p>Die erteilte Einwilligung zur Speicherung der Daten, der E-Mail-Adresse<br \/>\nsowie deren Nutzung zum Versand des Newsletters k\u00f6nnen Sie jederzeit widerrufen, etwa<br \/>\n\u00fcber den &#8222;Austragen&#8220;-Link im Newsletter.<\/p>\n<p>&nbsp;<\/p>\n<h2>SSL-Verschl\u00fcsselung<\/h2>\n<p>Diese Seite nutzt aus Gr\u00fcnden der Sicherheit und zum<br \/>\nSchutz der \u00dcbertragung vertraulicher Inhalte, wie zum Beispiel der Anfragen, die Sie an uns als<br \/>\nSeitenbetreiber senden, eine SSL-Verschl\u00fcsselung. Eine verschl\u00fcsselte Verbindung erkennen<br \/>\nSie daran, dass die Adresszeile des Browsers von &#8222;http:\/\/&#8220; auf &#8222;https:\/\/&#8220; wechselt<br \/>\nund an dem Schloss-Symbol in Ihrer Browserzeile.<\/p>\n<p>Wenn die SSL Verschl\u00fcsselung aktiviert<br \/>\nist, k\u00f6nnen die Daten, die Sie an uns \u00fcbermitteln, nicht von Dritten mitgelesen<br \/>\nwerden.<\/p>\n<p>&nbsp;<\/p>\n<h2>Recht auf Auskunft, L\u00f6schung, Sperrung<\/h2>\n<p>Sie haben<br \/>\njederzeit das Recht auf unentgeltliche Auskunft \u00fcber Ihre gespeicherten personenbezogenen Daten,<br \/>\nderen Herkunft und Empf\u00e4nger und den Zweck der Datenverarbeitung sowie ein Recht auf<br \/>\nBerichtigung, Sperrung oder L\u00f6schung dieser Daten. Hierzu sowie zu weiteren Fragen zum Thema<br \/>\npersonenbezogene Daten k\u00f6nnen Sie sich jederzeit unter der im Impressum angegebenen Adresse<br \/>\nan uns wenden.<\/p>\n<p>&nbsp;<\/p>\n<p>&nbsp;<\/p>\n<p>Quelle: <a href=\"https:\/\/www.e-recht24.de\">https:\/\/www.e-recht24.de<\/a><\/p>\n","protected":false},"excerpt":{"rendered":"<p>Die Betreiber dieser Seiten nehmen den Schutz Ihrer pers\u00f6nlichen Daten sehr ernst. Wir behandeln Ihre personenbezogenen Daten vertraulich und entsprechend der gesetzlichen [&hellip;]<\/p>\n","protected":false},"author":1,"featured_media":0,"parent":0,"menu_order":0,"comment_status":"closed","ping_status":"closed","template":"","meta":{"ngg_post_thumbnail":0,"footnotes":""},"class_list":["post-840","page","type-page","status-publish","hentry"],"_links":{"self":[{"href":"https:\/\/www.rms-grafrath.de\/index.php?rest_route=\/wp\/v2\/pages\/840","targetHints":{"allow":["GET"]}}],"collection":[{"href":"https:\/\/www.rms-grafrath.de\/index.php?rest_route=\/wp\/v2\/pages"}],"about":[{"href":"https:\/\/www.rms-grafrath.de\/index.php?rest_route=\/wp\/v2\/types\/page"}],"author":[{"embeddable":true,"href":"https:\/\/www.rms-grafrath.de\/index.php?rest_route=\/wp\/v2\/users\/1"}],"replies":[{"embeddable":true,"href":"https:\/\/www.rms-grafrath.de\/index.php?rest_route=%2Fwp%2Fv2%2Fcomments&post=840"}],"version-history":[{"count":3,"href":"https:\/\/www.rms-grafrath.de\/index.php?rest_route=\/wp\/v2\/pages\/840\/revisions"}],"predecessor-version":[{"id":1175,"href":"https:\/\/www.rms-grafrath.de\/index.php?rest_route=\/wp\/v2\/pages\/840\/revisions\/1175"}],"wp:attachment":[{"href":"https:\/\/www.rms-grafrath.de\/index.php?rest_route=%2Fwp%2Fv2%2Fmedia&parent=840"}],"curies":[{"name":"wp","href":"https:\/\/api.w.org\/{rel}","templated":true}]}}