{"id":86,"date":"2013-04-30T18:03:09","date_gmt":"2013-04-30T16:03:09","guid":{"rendered":"http:\/\/www.rms-grafrath.de\/?page_id=86"},"modified":"2020-09-21T20:30:33","modified_gmt":"2020-09-21T18:30:33","slug":"unterrichtsangebot","status":"publish","type":"page","link":"https:\/\/www.rms-grafrath.de\/?page_id=86","title":{"rendered":"Unterrichtsangebot"},"content":{"rendered":"<ul>\n<li><strong>Instrumental &amp; Vocal<\/strong>\n<ul>\n<li style=\"list-style-type: none;\">\n<ul>\n<li><a href=\"https:\/\/www.rms-grafrath.de\/?page_id=167\">Schlagzeug<\/a><\/li>\n<li><a href=\"https:\/\/www.rms-grafrath.de\/?page_id=697\">Trompete und Posaune<\/a><\/li>\n<li><a href=\"https:\/\/www.rms-grafrath.de\/?page_id=177\">Fl\u00fcgelhorn, Tenor- und Waldhorn<\/a><\/li>\n<li><a href=\"https:\/\/www.rms-grafrath.de\/?page_id=163\">Klarinette und Saxophon<\/a><\/li>\n<li><a href=\"https:\/\/www.rms-grafrath.de\/?page_id=488\">Block- und Querfl\u00f6te<\/a><\/li>\n<li><a href=\"https:\/\/www.rms-grafrath.de\/?page_id=701\">Blockfl\u00f6te<\/a><\/li>\n<\/ul>\n<\/li>\n<\/ul>\n<ul>\n<li style=\"list-style-type: none;\">\n<ul>\n<li><a href=\"https:\/\/www.rms-grafrath.de\/?page_id=173\">Violine<\/a><\/li>\n<li><a href=\"https:\/\/www.rms-grafrath.de\/?page_id=179\">Gesang, Klavier und Percussion<\/a><\/li>\n<li><a href=\"https:\/\/www.rms-grafrath.de\/?page_id=138\">Gitarre, Westerngitarre und E-Gitarre<\/a><\/li>\n<li><a href=\"https:\/\/www.rms-grafrath.de\/?page_id=142\">Akkordeon, Keyboard und Klavier<\/a><\/li>\n<li><a href=\"https:\/\/www.rms-grafrath.de\/?page_id=665\">Cello<\/a><\/li>\n<\/ul>\n<\/li>\n<\/ul>\n<\/li>\n<li><strong>Grundkurs<\/strong><br \/>\n<a href=\"https:\/\/www.rms-grafrath.de\/?page_id=962\">Musikalische Fr\u00fcherziehung f\u00fcr Kinder von 4 &#8211; 7 Jahren<\/a><\/li>\n<li><strong>Ensemble Unterricht<\/strong>\n<ul>\n<li style=\"list-style-type: none;\">\n<ul>\n<li><a href=\"https:\/\/www.rms-grafrath.de\/?page_id=701\">Fl\u00f6tenkreis<\/a><\/li>\n<li>Gemischtes Ensemble<\/li>\n<li><a href=\"https:\/\/www.rms-grafrath.de\/?page_id=138\">Gitarrenkreis<\/a><\/li>\n<li><a href=\"https:\/\/www.rms-grafrath.de\/?page_id=179\">Djembegruppe<\/a><\/li>\n<\/ul>\n<\/li>\n<\/ul>\n<\/li>\n<\/ul>\n<p><strong>Bei Interesse an hier nicht aufgef\u00fchrten Kursen \/ Unterrichten wenden Sie sich bitte an den Musikschulleiter Herrn Diendorf (Tel. 08141 23361).<\/strong><\/p>\n","protected":false},"excerpt":{"rendered":"<p>Instrumental &amp; Vocal Schlagzeug Trompete und Posaune Fl\u00fcgelhorn, Tenor- und Waldhorn Klarinette und Saxophon Block- und Querfl\u00f6te Blockfl\u00f6te Violine Gesang, Klavier und [&hellip;]<\/p>\n","protected":false},"author":1,"featured_media":0,"parent":0,"menu_order":0,"comment_status":"closed","ping_status":"closed","template":"","meta":{"ngg_post_thumbnail":0,"footnotes":""},"class_list":["post-86","page","type-page","status-publish","hentry"],"_links":{"self":[{"href":"https:\/\/www.rms-grafrath.de\/index.php?rest_route=\/wp\/v2\/pages\/86","targetHints":{"allow":["GET"]}}],"collection":[{"href":"https:\/\/www.rms-grafrath.de\/index.php?rest_route=\/wp\/v2\/pages"}],"about":[{"href":"https:\/\/www.rms-grafrath.de\/index.php?rest_route=\/wp\/v2\/types\/page"}],"author":[{"embeddable":true,"href":"https:\/\/www.rms-grafrath.de\/index.php?rest_route=\/wp\/v2\/users\/1"}],"replies":[{"embeddable":true,"href":"https:\/\/www.rms-grafrath.de\/index.php?rest_route=%2Fwp%2Fv2%2Fcomments&post=86"}],"version-history":[{"count":32,"href":"https:\/\/www.rms-grafrath.de\/index.php?rest_route=\/wp\/v2\/pages\/86\/revisions"}],"predecessor-version":[{"id":1051,"href":"https:\/\/www.rms-grafrath.de\/index.php?rest_route=\/wp\/v2\/pages\/86\/revisions\/1051"}],"wp:attachment":[{"href":"https:\/\/www.rms-grafrath.de\/index.php?rest_route=%2Fwp%2Fv2%2Fmedia&parent=86"}],"curies":[{"name":"wp","href":"https:\/\/api.w.org\/{rel}","templated":true}]}}