{"id":962,"date":"2019-08-09T08:55:53","date_gmt":"2019-08-09T06:55:53","guid":{"rendered":"https:\/\/www.rms-grafrath.de\/?page_id=962"},"modified":"2019-09-10T19:44:52","modified_gmt":"2019-09-10T17:44:52","slug":"schechtl-babette","status":"publish","type":"page","link":"https:\/\/www.rms-grafrath.de\/?page_id=962","title":{"rendered":"Schechtl, Babette"},"content":{"rendered":"<p><span style=\"font-size: 20px;\">Musikalische Fr\u00fcherziehung<img loading=\"lazy\" decoding=\"async\" class=\"alignright size-medium wp-image-968\" src=\"https:\/\/www.rms-grafrath.de\/wp-content\/uploads\/2019\/08\/schechtl-babette-236x300.jpg\" alt=\"\" width=\"236\" height=\"300\" srcset=\"https:\/\/www.rms-grafrath.de\/wp-content\/uploads\/2019\/08\/schechtl-babette-236x300.jpg 236w, https:\/\/www.rms-grafrath.de\/wp-content\/uploads\/2019\/08\/schechtl-babette-768x978.jpg 768w, https:\/\/www.rms-grafrath.de\/wp-content\/uploads\/2019\/08\/schechtl-babette-804x1024.jpg 804w, https:\/\/www.rms-grafrath.de\/wp-content\/uploads\/2019\/08\/schechtl-babette-830x1057.jpg 830w, https:\/\/www.rms-grafrath.de\/wp-content\/uploads\/2019\/08\/schechtl-babette-230x293.jpg 230w, https:\/\/www.rms-grafrath.de\/wp-content\/uploads\/2019\/08\/schechtl-babette-350x446.jpg 350w, https:\/\/www.rms-grafrath.de\/wp-content\/uploads\/2019\/08\/schechtl-babette-480x611.jpg 480w, https:\/\/www.rms-grafrath.de\/wp-content\/uploads\/2019\/08\/schechtl-babette.jpg 1393w\" sizes=\"auto, (max-width: 236px) 100vw, 236px\" \/><\/span><\/p>\n<div>\n<p>Fr. Schechtl ist Mutter von 6 erwachsenen Kindern und hat viel p\u00e4dagogische und musik-p\u00e4dagogische Erfahrung.<br \/>\nSie ist staatlich gepr\u00fcfte Kinderpflegerin und diplomierte Musik- und Rhythmusp\u00e4dagogin.<\/p>\n<p>Fr. Schechtl liebt Kinder und die Musik und freut sich darauf, fr\u00f6hliche Musikkinder zu unterrichten.<\/p>\n<\/div>\n<p>Tel: 0170\/1613026<br \/>\nMail: schechtlbabette@gmx.de<\/p>\n","protected":false},"excerpt":{"rendered":"<p>Musikalische Fr\u00fcherziehung Fr. Schechtl ist Mutter von 6 erwachsenen Kindern und hat viel p\u00e4dagogische und musik-p\u00e4dagogische Erfahrung. Sie ist staatlich gepr\u00fcfte Kinderpflegerin [&hellip;]<\/p>\n","protected":false},"author":1,"featured_media":0,"parent":23,"menu_order":0,"comment_status":"closed","ping_status":"closed","template":"","meta":{"ngg_post_thumbnail":0,"footnotes":""},"class_list":["post-962","page","type-page","status-publish","hentry"],"_links":{"self":[{"href":"https:\/\/www.rms-grafrath.de\/index.php?rest_route=\/wp\/v2\/pages\/962","targetHints":{"allow":["GET"]}}],"collection":[{"href":"https:\/\/www.rms-grafrath.de\/index.php?rest_route=\/wp\/v2\/pages"}],"about":[{"href":"https:\/\/www.rms-grafrath.de\/index.php?rest_route=\/wp\/v2\/types\/page"}],"author":[{"embeddable":true,"href":"https:\/\/www.rms-grafrath.de\/index.php?rest_route=\/wp\/v2\/users\/1"}],"replies":[{"embeddable":true,"href":"https:\/\/www.rms-grafrath.de\/index.php?rest_route=%2Fwp%2Fv2%2Fcomments&post=962"}],"version-history":[{"count":9,"href":"https:\/\/www.rms-grafrath.de\/index.php?rest_route=\/wp\/v2\/pages\/962\/revisions"}],"predecessor-version":[{"id":1211,"href":"https:\/\/www.rms-grafrath.de\/index.php?rest_route=\/wp\/v2\/pages\/962\/revisions\/1211"}],"up":[{"embeddable":true,"href":"https:\/\/www.rms-grafrath.de\/index.php?rest_route=\/wp\/v2\/pages\/23"}],"wp:attachment":[{"href":"https:\/\/www.rms-grafrath.de\/index.php?rest_route=%2Fwp%2Fv2%2Fmedia&parent=962"}],"curies":[{"name":"wp","href":"https:\/\/api.w.org\/{rel}","templated":true}]}}